{"id":283,"date":"2021-03-02T14:52:29","date_gmt":"2021-03-02T14:52:29","guid":{"rendered":"https:\/\/lescincllunes.apuntmedia.es\/?page_id=283"},"modified":"2021-03-15T16:23:19","modified_gmt":"2021-03-15T16:23:19","slug":"unicornio","status":"publish","type":"page","link":"https:\/\/lescincllunes.apuntmedia.es\/","title":{"rendered":"Inici"},"content":{"rendered":"\n<div class=\"wp-block-nextend-smartslider3\"><\/div>\n\n\n\n<h2 class=\"wp-block-heading\"><strong><em>Les cinc llunes, l\u2019escolta atenta de la cultura<\/em><\/strong>.<\/h2>\n\n\n\n<p>Vos donem la benvinguda a l\u2019espai multim\u00e8dia de <em>Les cinc llunes<\/em>. Un programa de cultura radial dirigit i presentat per <strong>Am\u00e0lia Garrig\u00f3s<\/strong> per a <strong>\u00c0 Punt M\u00e8dia<\/strong>. Aquest planeta radiof\u00f2nic \u00e9s un <em>collage<\/em> sonor de les disciplines art\u00edstiques que conviuen a l\u2019aixopluc de l&#8217;<strong>Institut Valenci\u00e0 de Cultura<\/strong> (IVC). Cadascuna de les cinc llunes representa un art: <a href=\"https:\/\/lescincllunes.apuntmedia.es\/index.php\/category\/teatre\/\"><\/a><a href=\"https:\/\/lescincllunes.apuntmedia.es\/index.php\/category\/musica\/\">m\u00fasica<\/a>, <a href=\"https:\/\/lescincllunes.apuntmedia.es\/index.php\/category\/teatre\/\">teatre<\/a>, <a href=\"https:\/\/lescincllunes.apuntmedia.es\/index.php\/category\/cinema\/\">cine<\/a>, <a href=\"https:\/\/lescincllunes.apuntmedia.es\/index.php\/category\/circ\/\">circ<\/a>, i <a href=\"https:\/\/lescincllunes.apuntmedia.es\/index.php\/category\/dansa\/\">dansa<\/a>. Dins d\u2019aquests blocs tem\u00e0tics combinem diversos g\u00e8neres period\u00edstics amb narratives sonores pr\u00f2pies de la ficci\u00f3 i del <em>podcast<\/em>.<\/p>\n\n\n\n<p><a href=\"https:\/\/lescincllunes.apuntmedia.es\/index.php\/category\/fora-dorbita\/\">Fora de l\u2019\u00f2rbita<\/a> dels cinc sat\u00e8l\u00b7lits hi ha un observatori que enregistra versos i paisatges sonors, investiga les intermit\u00e8ncies de noves m\u00fasiques i ausculta el m\u00f3n radiof\u00f2nic experimental.<\/p>\n\n\n\n<p>En aquest web, a m\u00e9s dels&nbsp;<strong>episodis complets<\/strong>, trobeu un recull de continguts multim\u00e8dia complementaris: v\u00eddeos, fotografies, \u00e0udios, infografies o mapes. Tamb\u00e9 podeu accedir a les&nbsp;<strong>seccions&nbsp;<\/strong>espec\u00edfiques de les distintes llunes, en funci\u00f3 dels vostres gustos o interessos. Pugeu a <em>Les cinc llunes<\/em>?<\/p>\n\n\n\n<div class=\"wp-block-image\"><figure class=\"aligncenter size-full\"><img fetchpriority=\"high\" decoding=\"async\" width=\"1001\" height=\"179\" src=\"https:\/\/lescincllunes.apuntmedia.es\/wp-content\/uploads\/2021\/03\/LOGOS_Mesa-de-trabajo-1-3.png\" alt=\"\" class=\"wp-image-643\" srcset=\"https:\/\/lescincllunes.apuntmedia.es\/wp-content\/uploads\/2021\/03\/LOGOS_Mesa-de-trabajo-1-3.png 1001w, https:\/\/lescincllunes.apuntmedia.es\/wp-content\/uploads\/2021\/03\/LOGOS_Mesa-de-trabajo-1-3-300x54.png 300w, https:\/\/lescincllunes.apuntmedia.es\/wp-content\/uploads\/2021\/03\/LOGOS_Mesa-de-trabajo-1-3-768x137.png 768w\" sizes=\"(max-width: 1001px) 100vw, 1001px\" \/><\/figure><\/div>\n","protected":false},"excerpt":{"rendered":"<p>Les cinc llunes, l\u2019escolta atenta de la cultura. Vos donem la benvinguda a l\u2019espai multim\u00e8dia de Les cinc llunes. Un programa de cultura radial dirigit i presentat per Am\u00e0lia Garrig\u00f3s [&hellip;]<\/p>\n","protected":false},"author":1,"featured_media":0,"parent":0,"menu_order":0,"comment_status":"closed","ping_status":"closed","template":"page-templates\/fullwidth.php","meta":{"footnotes":""},"class_list":["post-283","page","type-page","status-publish","hentry"],"yoast_head":"<!-- This site is optimized with the Yoast SEO plugin v15.9 - https:\/\/yoast.com\/wordpress\/plugins\/seo\/ -->\n<title>Inici - Les cinc llunes<\/title>\n<meta name=\"robots\" content=\"index, follow, max-snippet:-1, max-image-preview:large, max-video-preview:-1\" \/>\n<link rel=\"canonical\" href=\"https:\/\/lescincllunes.apuntmedia.es\/\" \/>\n<meta property=\"og:locale\" content=\"ca_ES\" \/>\n<meta property=\"og:type\" content=\"article\" \/>\n<meta property=\"og:title\" content=\"Inici - Les cinc llunes\" \/>\n<meta property=\"og:description\" content=\"Les cinc llunes, l\u2019escolta atenta de la cultura. Vos donem la benvinguda a l\u2019espai multim\u00e8dia de Les cinc llunes. Un programa de cultura radial dirigit i presentat per Am\u00e0lia Garrig\u00f3s [&hellip;]\" \/>\n<meta property=\"og:url\" content=\"https:\/\/lescincllunes.apuntmedia.es\/\" \/>\n<meta property=\"og:site_name\" content=\"Les cinc llunes\" \/>\n<meta property=\"article:publisher\" content=\"https:\/\/www.facebook.com\/lescincllunes\" \/>\n<meta property=\"article:modified_time\" content=\"2021-03-15T16:23:19+00:00\" \/>\n<meta property=\"og:image\" content=\"https:\/\/lescincllunes.apuntmedia.es\/wp-content\/uploads\/2021\/03\/LOGOS_Mesa-de-trabajo-1-3.png\" \/>\n<meta name=\"twitter:card\" content=\"summary_large_image\" \/>\n<meta name=\"twitter:site\" content=\"@lescincllunes\" \/>\n<meta name=\"twitter:label1\" content=\"Temps estimat de lectura\">\n\t<meta name=\"twitter:data1\" content=\"1 minut\">\n<script type=\"application\/ld+json\" class=\"yoast-schema-graph\">{\"@context\":\"https:\/\/schema.org\",\"@graph\":[{\"@type\":\"WebSite\",\"@id\":\"https:\/\/lescincllunes.apuntmedia.es\/#website\",\"url\":\"https:\/\/lescincllunes.apuntmedia.es\/\",\"name\":\"Les cinc llunes\",\"description\":\"Un podcast de cultura radial\",\"potentialAction\":[{\"@type\":\"SearchAction\",\"target\":\"https:\/\/lescincllunes.apuntmedia.es\/?s={search_term_string}\",\"query-input\":\"required name=search_term_string\"}],\"inLanguage\":\"ca\"},{\"@type\":\"ImageObject\",\"@id\":\"https:\/\/lescincllunes.apuntmedia.es\/#primaryimage\",\"inLanguage\":\"ca\",\"url\":\"https:\/\/lescincllunes.apuntmedia.es\/wp-content\/uploads\/2021\/03\/LOGOS_Mesa-de-trabajo-1-3.png\",\"width\":1001,\"height\":179},{\"@type\":\"WebPage\",\"@id\":\"https:\/\/lescincllunes.apuntmedia.es\/#webpage\",\"url\":\"https:\/\/lescincllunes.apuntmedia.es\/\",\"name\":\"Inici - Les cinc llunes\",\"isPartOf\":{\"@id\":\"https:\/\/lescincllunes.apuntmedia.es\/#website\"},\"primaryImageOfPage\":{\"@id\":\"https:\/\/lescincllunes.apuntmedia.es\/#primaryimage\"},\"datePublished\":\"2021-03-02T14:52:29+00:00\",\"dateModified\":\"2021-03-15T16:23:19+00:00\",\"breadcrumb\":{\"@id\":\"https:\/\/lescincllunes.apuntmedia.es\/#breadcrumb\"},\"inLanguage\":\"ca\",\"potentialAction\":[{\"@type\":\"ReadAction\",\"target\":[\"https:\/\/lescincllunes.apuntmedia.es\/\"]}]},{\"@type\":\"BreadcrumbList\",\"@id\":\"https:\/\/lescincllunes.apuntmedia.es\/#breadcrumb\",\"itemListElement\":[{\"@type\":\"ListItem\",\"position\":1,\"item\":{\"@type\":\"WebPage\",\"@id\":\"https:\/\/lescincllunes.apuntmedia.es\/\",\"url\":\"https:\/\/lescincllunes.apuntmedia.es\/\",\"name\":\"Inici\"}},{\"@type\":\"ListItem\",\"position\":2,\"item\":{\"@type\":\"WebPage\",\"@id\":\"https:\/\/lescincllunes.apuntmedia.es\/\",\"url\":\"https:\/\/lescincllunes.apuntmedia.es\/\",\"name\":\"Inici\"}}]}]}<\/script>\n<!-- \/ Yoast SEO plugin. -->","_links":{"self":[{"href":"https:\/\/lescincllunes.apuntmedia.es\/index.php\/wp-json\/wp\/v2\/pages\/283","targetHints":{"allow":["GET"]}}],"collection":[{"href":"https:\/\/lescincllunes.apuntmedia.es\/index.php\/wp-json\/wp\/v2\/pages"}],"about":[{"href":"https:\/\/lescincllunes.apuntmedia.es\/index.php\/wp-json\/wp\/v2\/types\/page"}],"author":[{"embeddable":true,"href":"https:\/\/lescincllunes.apuntmedia.es\/index.php\/wp-json\/wp\/v2\/users\/1"}],"replies":[{"embeddable":true,"href":"https:\/\/lescincllunes.apuntmedia.es\/index.php\/wp-json\/wp\/v2\/comments?post=283"}],"version-history":[{"count":41,"href":"https:\/\/lescincllunes.apuntmedia.es\/index.php\/wp-json\/wp\/v2\/pages\/283\/revisions"}],"predecessor-version":[{"id":2271,"href":"https:\/\/lescincllunes.apuntmedia.es\/index.php\/wp-json\/wp\/v2\/pages\/283\/revisions\/2271"}],"wp:attachment":[{"href":"https:\/\/lescincllunes.apuntmedia.es\/index.php\/wp-json\/wp\/v2\/media?parent=283"}],"curies":[{"name":"wp","href":"https:\/\/api.w.org\/{rel}","templated":true}]}}